{"id":738,"date":"2022-06-24T16:27:35","date_gmt":"2022-06-24T16:27:35","guid":{"rendered":"https:\/\/blessingdigit.site\/wp\/?page_id=738"},"modified":"2022-06-24T16:29:06","modified_gmt":"2022-06-24T16:29:06","slug":"table-ronde-n2","status":"publish","type":"page","link":"https:\/\/fiprod.ersuma.org\/fr_fr\/table-ronde-n2\/","title":{"rendered":"TABLE RONDE N\u00b02"},"content":{"rendered":"<style>.elementor-738 .elementor-element.elementor-element-2e28f2c > .elementor-container{max-width:1150px;}.elementor-738 .elementor-element.elementor-element-2e28f2c:not(.elementor-motion-effects-element-type-background), .elementor-738 .elementor-element.elementor-element-2e28f2c > .elementor-motion-effects-container > .elementor-motion-effects-layer{background-image:url(\"https:\/\/fiprod.ersuma.org\/wp-content\/uploads\/2022\/06\/IMG_4816-scaled.jpg\");background-repeat:no-repeat;background-size:cover;}.elementor-738 .elementor-element.elementor-element-2e28f2c > .elementor-background-overlay{background-color:transparent;background-image:linear-gradient(300deg, #734B6D 0%, #42275A 100%);opacity:0.85;transition:background 0.3s, border-radius 0.3s, opacity 0.3s;}.elementor-738 .elementor-element.elementor-element-2e28f2c{transition:background 0.3s, border 0.3s, border-radius 0.3s, box-shadow 0.3s;margin-top:-100px;margin-bottom:0px;padding:200px 0px 150px 0px;}.elementor-738 .elementor-element.elementor-element-379928d.elementor-column > .elementor-widget-wrap{justify-content:center;}.elementor-738 .elementor-element.elementor-element-7991dc8d .ekit-btn-wraper .elementskit-btn{justify-content:flex-start;}.elementor-738 .elementor-element.elementor-element-7991dc8d .elementskit-btn{width:100%;padding:0px 0px 0px 0px;font-family:\"Staatliches\", Sans-serif;font-size:18px;letter-spacing:1px;color:#FFFFFF;fill:#FFFFFF;background-color:#15151500;border-style:none;}.elementor-738 .elementor-element.elementor-element-7991dc8d .elementskit-btn:hover{color:var( --e-global-color-primary );fill:var( --e-global-color-primary );}.elementor-738 .elementor-element.elementor-element-7991dc8d > .elementor-widget-container{margin:-1px 0px 0px 0px;}.elementor-738 .elementor-element.elementor-element-7991dc8d{width:auto;max-width:auto;align-self:flex-start;}.elementor-738 .elementor-element.elementor-element-64167610 .elementor-heading-title{font-family:\"Staatliches\", Sans-serif;font-size:18px;font-weight:600;letter-spacing:1px;color:#FFFFFF;}.elementor-738 .elementor-element.elementor-element-64167610 > .elementor-widget-container{margin:0px 10px 0px 10px;}.elementor-738 .elementor-element.elementor-element-64167610{width:auto;max-width:auto;align-self:center;}.elementor-738 .elementor-element.elementor-element-1a44b52f .elementor-heading-title{font-family:\"Staatliches\", Sans-serif;font-size:18px;font-weight:600;letter-spacing:1px;color:#FFFFFF;}.elementor-738 .elementor-element.elementor-element-1a44b52f > .elementor-widget-container{margin:0px 0px 0px 0px;}.elementor-738 .elementor-element.elementor-element-1a44b52f{width:auto;max-width:auto;align-self:center;}.elementor-738 .elementor-element.elementor-element-71ab432f{text-align:center;}.elementor-738 .elementor-element.elementor-element-71ab432f .elementor-heading-title{font-family:\"Staatliches\", Sans-serif;font-size:80px;font-weight:600;letter-spacing:1px;color:#FFFFFF;}.elementor-738 .elementor-element.elementor-element-71ab432f > .elementor-widget-container{margin:20px 0px 0px 0px;}.elementor-738 .elementor-element.elementor-element-48204a74 > .elementor-container{max-width:1150px;}.elementor-738 .elementor-element.elementor-element-48204a74:not(.elementor-motion-effects-element-type-background), .elementor-738 .elementor-element.elementor-element-48204a74 > .elementor-motion-effects-container > .elementor-motion-effects-layer{background-image:url(\"https:\/\/fiprod.ersuma.org\/wp-content\/uploads\/2022\/06\/3440061-e1608772039374.jpg\");background-repeat:no-repeat;background-size:cover;}.elementor-738 .elementor-element.elementor-element-48204a74 > .elementor-background-overlay{background-color:#F4F4FB;opacity:0.94;transition:background 0.3s, border-radius 0.3s, opacity 0.3s;}.elementor-738 .elementor-element.elementor-element-48204a74{transition:background 0.3s, border 0.3s, border-radius 0.3s, box-shadow 0.3s;padding:100px 0px 100px 0px;z-index:1;}.elementor-738 .elementor-element.elementor-element-41f6864 .elementor-heading-title{font-family:var( --e-global-typography-secondary-font-family ), Sans-serif;font-weight:var( --e-global-typography-secondary-font-weight );color:var( --e-global-color-61130bb );}.elementor-738 .elementor-element.elementor-element-9048e0c{font-size:20px;}@media(max-width:1024px){.elementor-738 .elementor-element.elementor-element-7991dc8d .elementskit-btn{font-size:17px;}.elementor-738 .elementor-element.elementor-element-1a44b52f .elementor-heading-title{font-size:17px;}.elementor-738 .elementor-element.elementor-element-71ab432f .elementor-heading-title{font-size:100px;}.elementor-738 .elementor-element.elementor-element-48204a74{padding:80px 0px 80px 0px;}}@media(max-width:767px){.elementor-738 .elementor-element.elementor-element-7991dc8d .elementskit-btn{font-size:16px;}.elementor-738 .elementor-element.elementor-element-1a44b52f .elementor-heading-title{font-size:16px;}.elementor-738 .elementor-element.elementor-element-71ab432f .elementor-heading-title{font-size:80px;}.elementor-738 .elementor-element.elementor-element-48204a74{padding:70px 0px 70px 0px;}}<\/style>\t\t<div data-elementor-type=\"wp-page\" data-elementor-id=\"738\" class=\"elementor elementor-738\">\n\t\t\t\t\t\t<section class=\"elementor-section elementor-top-section elementor-element elementor-element-2e28f2c elementor-section-boxed elementor-section-height-default elementor-section-height-default wpr-particle-no wpr-jarallax-no wpr-parallax-no wpr-sticky-section-no\" data-id=\"2e28f2c\" data-element_type=\"section\" data-e-type=\"section\" data-settings=\"{&quot;background_background&quot;:&quot;classic&quot;}\">\n\t\t\t\t\t\t\t<div class=\"elementor-background-overlay\"><\/div>\n\t\t\t\t\t\t\t<div class=\"elementor-container elementor-column-gap-default\">\n\t\t\t\t\t<div class=\"elementor-column elementor-col-100 elementor-top-column elementor-element elementor-element-379928d\" data-id=\"379928d\" data-element_type=\"column\" data-e-type=\"column\">\n\t\t\t<div class=\"elementor-widget-wrap elementor-element-populated\">\n\t\t\t\t\t\t<div class=\"elementor-element elementor-element-7991dc8d elementor-align-left elementor-widget__width-auto elementor-widget elementor-widget-elementskit-button\" data-id=\"7991dc8d\" data-element_type=\"widget\" data-e-type=\"widget\" data-widget_type=\"elementskit-button.default\">\n\t\t\t\t<div class=\"elementor-widget-container\">\n\t\t\t\t\t<div class=\"ekit-wid-con\" >\t\t<div class=\"ekit-btn-wraper\">\n\t\t\t\t\t\t\t<a href=\"https:\/\/fiprod.ersuma.org\" class=\"elementskit-btn  whitespace--normal\" id=\"\">\n\t\t\t\t\tAccueil\t\t\t\t<\/a>\n\t\t\t\t\t<\/div>\n        <\/div>\t\t\t\t<\/div>\n\t\t\t\t<\/div>\n\t\t\t\t<div class=\"elementor-element elementor-element-64167610 elementor-widget__width-auto elementor-widget elementor-widget-heading\" data-id=\"64167610\" data-element_type=\"widget\" data-e-type=\"widget\" data-widget_type=\"heading.default\">\n\t\t\t\t<div class=\"elementor-widget-container\">\n\t\t\t\t\t<div class=\"elementor-heading-title elementor-size-default\">\/<\/div>\t\t\t\t<\/div>\n\t\t\t\t<\/div>\n\t\t\t\t<div class=\"elementor-element elementor-element-1a44b52f elementor-widget__width-auto elementor-widget elementor-widget-heading\" data-id=\"1a44b52f\" data-element_type=\"widget\" data-e-type=\"widget\" data-widget_type=\"heading.default\">\n\t\t\t\t<div class=\"elementor-widget-container\">\n\t\t\t\t\t<div class=\"elementor-heading-title elementor-size-default\">TABLE-RONDE N\u00b02<\/div>\t\t\t\t<\/div>\n\t\t\t\t<\/div>\n\t\t\t\t<div class=\"elementor-element elementor-element-71ab432f elementor-widget elementor-widget-heading\" data-id=\"71ab432f\" data-element_type=\"widget\" data-e-type=\"widget\" data-widget_type=\"heading.default\">\n\t\t\t\t<div class=\"elementor-widget-container\">\n\t\t\t\t\t<h2 class=\"elementor-heading-title elementor-size-default\">LE RENFORCEMENT DES CAPACIT\u00c9S DES ENTREPRISES AFRICAINES CHERCHEUSES \nDE FINANCEMENT : LE R\u00d4LE DES PROFESSIONNELS DU DROIT ET DU CHIFFRE<\/h2>\t\t\t\t<\/div>\n\t\t\t\t<\/div>\n\t\t\t\t\t<\/div>\n\t\t<\/div>\n\t\t\t\t\t<\/div>\n\t\t<\/section>\n\t\t\t\t<section class=\"elementor-section elementor-top-section elementor-element elementor-element-48204a74 elementor-section-boxed elementor-section-height-default elementor-section-height-default wpr-particle-no wpr-jarallax-no wpr-parallax-no wpr-sticky-section-no\" data-id=\"48204a74\" data-element_type=\"section\" data-e-type=\"section\" data-settings=\"{&quot;background_background&quot;:&quot;classic&quot;}\">\n\t\t\t\t\t\t\t<div class=\"elementor-background-overlay\"><\/div>\n\t\t\t\t\t\t\t<div class=\"elementor-container elementor-column-gap-default\">\n\t\t\t\t\t<div class=\"elementor-column elementor-col-100 elementor-top-column elementor-element elementor-element-5564554\" data-id=\"5564554\" data-element_type=\"column\" data-e-type=\"column\">\n\t\t\t<div class=\"elementor-widget-wrap elementor-element-populated\">\n\t\t\t\t\t\t<div class=\"elementor-element elementor-element-41f6864 elementor-widget elementor-widget-heading\" data-id=\"41f6864\" data-element_type=\"widget\" data-e-type=\"widget\" data-widget_type=\"heading.default\">\n\t\t\t\t<div class=\"elementor-widget-container\">\n\t\t\t\t\t<h2 class=\"elementor-heading-title elementor-size-default\">Contenu<\/h2>\t\t\t\t<\/div>\n\t\t\t\t<\/div>\n\t\t\t\t<div class=\"elementor-element elementor-element-9048e0c elementor-widget elementor-widget-text-editor\" data-id=\"9048e0c\" data-element_type=\"widget\" data-e-type=\"widget\" data-widget_type=\"text-editor.default\">\n\t\t\t\t<div class=\"elementor-widget-container\">\n\t\t\t\t\t\t\t\t\t<p>Cette table-ronde professionnelle a pour objet d\u2019\u00e9changer les capacit\u00e9s professionnelles des professionnels en <br \/>charge de l\u2019accompagnement des entreprises chercheuses de financement ainsi que leur interd\u00e9pendance <br \/>naturelle. Elle sera l\u2019occasion de partager les exp\u00e9riences et de proposer les meilleures orientations pratiques <br \/>sur les probl\u00e9matiques ci-apr\u00e8s : <br \/>\u2022 Le renforcement de la gouvernance des entreprises africaines ;<br \/>\u2022 Le changement de paradigmes du financement des entreprises africaines : de l\u2019internalisation \u00e0 <br \/>l\u2019externalisation du financement ; <br \/>\u2022 L\u2019accompagnement technique sectoriel des entreprises africaines ; <br \/>\u2022 L\u2019assistance juridique et fiscale dans les engagements financiers des entreprises africaines : aspects <br \/>pr\u00e9contractuels, contractuels et contentieux ;<br \/>\u2022 L\u2019accompagnement financier et comptable des entreprises africaines ;<br \/>\u2022 La collaboration interprofessionnelle dans l\u2019accompagnement des entreprises chercheuses de financement.<\/p>\t\t\t\t\t\t\t\t<\/div>\n\t\t\t\t<\/div>\n\t\t\t\t\t<\/div>\n\t\t<\/div>\n\t\t\t\t\t<\/div>\n\t\t<\/section>\n\t\t\t\t<\/div>\n\t\t","protected":false},"excerpt":{"rendered":"<p>Accueil \/ TABLE-RONDE N\u00b02 LE RENFORCEMENT DES CAPACIT\u00c9S DES ENTREPRISES AFRICAINES CHERCHEUSES DE FINANCEMENT : LE R\u00d4LE DES PROFESSIONNELS DU DROIT ET DU CHIFFRE Contenu Cette table-ronde professionnelle a pour objet d\u2019\u00e9changer les capacit\u00e9s professionnelles des professionnels en charge de l\u2019accompagnement des entreprises chercheuses de financement ainsi que leur interd\u00e9pendance naturelle. Elle sera l\u2019occasion de partager les exp\u00e9riences et de proposer les meilleures orientations pratiques sur les probl\u00e9matiques ci-apr\u00e8s : \u2022 Le renforcement de la gouvernance des entreprises africaines ;\u2022 Le changement de paradigmes du financement des entreprises africaines : de l\u2019internalisation \u00e0 l\u2019externalisation du financement ; \u2022 L\u2019accompagnement technique sectoriel des entreprises africaines ; \u2022 L\u2019assistance juridique et fiscale dans les engagements financiers des entreprises africaines : aspects pr\u00e9contractuels, contractuels et contentieux ;\u2022 L\u2019accompagnement financier et comptable des entreprises africaines ;\u2022 La collaboration interprofessionnelle dans l\u2019accompagnement des entreprises chercheuses de financement.<\/p>\n","protected":false},"author":1,"featured_media":0,"parent":0,"menu_order":0,"comment_status":"closed","ping_status":"closed","template":"","meta":{"footnotes":""},"class_list":["post-738","page","type-page","status-publish","hentry"],"_links":{"self":[{"href":"https:\/\/fiprod.ersuma.org\/fr_fr\/wp-json\/wp\/v2\/pages\/738","targetHints":{"allow":["GET"]}}],"collection":[{"href":"https:\/\/fiprod.ersuma.org\/fr_fr\/wp-json\/wp\/v2\/pages"}],"about":[{"href":"https:\/\/fiprod.ersuma.org\/fr_fr\/wp-json\/wp\/v2\/types\/page"}],"author":[{"embeddable":true,"href":"https:\/\/fiprod.ersuma.org\/fr_fr\/wp-json\/wp\/v2\/users\/1"}],"replies":[{"embeddable":true,"href":"https:\/\/fiprod.ersuma.org\/fr_fr\/wp-json\/wp\/v2\/comments?post=738"}],"version-history":[{"count":4,"href":"https:\/\/fiprod.ersuma.org\/fr_fr\/wp-json\/wp\/v2\/pages\/738\/revisions"}],"predecessor-version":[{"id":742,"href":"https:\/\/fiprod.ersuma.org\/fr_fr\/wp-json\/wp\/v2\/pages\/738\/revisions\/742"}],"wp:attachment":[{"href":"https:\/\/fiprod.ersuma.org\/fr_fr\/wp-json\/wp\/v2\/media?parent=738"}],"curies":[{"name":"wp","href":"https:\/\/api.w.org\/{rel}","templated":true}]}}